{"id":547,"date":"2023-07-06T16:01:48","date_gmt":"2023-07-06T19:01:48","guid":{"rendered":"https:\/\/dev.gsstudio.com.br\/acp\/?page_id=547"},"modified":"2024-01-25T10:09:49","modified_gmt":"2024-01-25T13:09:49","slug":"empresa","status":"publish","type":"page","link":"https:\/\/dev.gsstudio.com.br\/acp\/empresa\/","title":{"rendered":"Empresa"},"content":{"rendered":"\t\t<div data-elementor-type=\"wp-page\" data-elementor-id=\"547\" class=\"elementor elementor-547\">\n\t\t\t\t\t\t\t<div class=\"elementor-element elementor-element-c41c3ee e-flex e-con-boxed e-con\" data-id=\"c41c3ee\" data-element_type=\"container\" data-settings=\"{&quot;background_background&quot;:&quot;classic&quot;,&quot;content_width&quot;:&quot;boxed&quot;}\">\n\t\t\t\t\t<div class=\"e-con-inner\">\n\t\t\t\t<div class=\"elementor-element elementor-element-d047d2b elementor-widget elementor-widget-heading\" data-id=\"d047d2b\" data-element_type=\"widget\" data-widget_type=\"heading.default\">\n\t\t\t\t<div class=\"elementor-widget-container\">\n\t\t\t<style>\/*! elementor - v3.14.0 - 26-06-2023 *\/\n.elementor-heading-title{padding:0;margin:0;line-height:1}.elementor-widget-heading .elementor-heading-title[class*=elementor-size-]>a{color:inherit;font-size:inherit;line-height:inherit}.elementor-widget-heading .elementor-heading-title.elementor-size-small{font-size:15px}.elementor-widget-heading .elementor-heading-title.elementor-size-medium{font-size:19px}.elementor-widget-heading .elementor-heading-title.elementor-size-large{font-size:29px}.elementor-widget-heading .elementor-heading-title.elementor-size-xl{font-size:39px}.elementor-widget-heading .elementor-heading-title.elementor-size-xxl{font-size:59px}<\/style><h1 class=\"elementor-heading-title elementor-size-default\">Empresa<\/h1>\t\t<\/div>\n\t\t\t\t<\/div>\n\t\t\t\t<div class=\"elementor-element elementor-element-003f8c2 elementor-widget elementor-widget-breadcrumbs\" data-id=\"003f8c2\" data-element_type=\"widget\" data-widget_type=\"breadcrumbs.default\">\n\t\t\t\t<div class=\"elementor-widget-container\">\n\t\t\t<link rel=\"stylesheet\" href=\"https:\/\/dev.gsstudio.com.br\/acp\/wp-content\/plugins\/elementor-pro\/assets\/css\/widget-theme-elements.min.css\"><p id=\"breadcrumbs\"><span><span><a href=\"https:\/\/dev.gsstudio.com.br\/acp\/\">In\u00edcio<\/a><\/span><\/span><\/p>\t\t<\/div>\n\t\t\t\t<\/div>\n\t\t\t\t\t<\/div>\n\t\t\t\t<\/div>\n\t\t<div class=\"elementor-element elementor-element-1e55c34 e-flex e-con-boxed e-con\" data-id=\"1e55c34\" data-element_type=\"container\" data-settings=\"{&quot;content_width&quot;:&quot;boxed&quot;}\">\n\t\t\t\t\t<div class=\"e-con-inner\">\n\t\t<div class=\"elementor-element elementor-element-e3eb5e0 e-con-full e-flex e-con\" data-id=\"e3eb5e0\" data-element_type=\"container\" data-settings=\"{&quot;content_width&quot;:&quot;full&quot;}\">\n\t\t\t\t<div class=\"elementor-element elementor-element-15770dd elementor-widget elementor-widget-text-editor\" data-id=\"15770dd\" data-element_type=\"widget\" data-widget_type=\"text-editor.default\">\n\t\t\t\t<div class=\"elementor-widget-container\">\n\t\t\t<style>\/*! elementor - v3.14.0 - 26-06-2023 *\/\n.elementor-widget-text-editor.elementor-drop-cap-view-stacked .elementor-drop-cap{background-color:#69727d;color:#fff}.elementor-widget-text-editor.elementor-drop-cap-view-framed .elementor-drop-cap{color:#69727d;border:3px solid;background-color:transparent}.elementor-widget-text-editor:not(.elementor-drop-cap-view-default) .elementor-drop-cap{margin-top:8px}.elementor-widget-text-editor:not(.elementor-drop-cap-view-default) .elementor-drop-cap-letter{width:1em;height:1em}.elementor-widget-text-editor .elementor-drop-cap{float:left;text-align:center;line-height:1;font-size:50px}.elementor-widget-text-editor .elementor-drop-cap-letter{display:inline-block}<\/style>\t\t\t\t<p>N\u00f3s somos a\u00a0<strong>ACP BIOENERGIA<\/strong>, uma das maiores companhias agr\u00edcolas do Pa\u00eds, focada no cultivo e produ\u00e7\u00e3o de cana-de-a\u00e7\u00facar, soja e milho, atrav\u00e9s de uma lideran\u00e7a decorrente da dedica\u00e7\u00e3o, gest\u00e3o profissional e atua\u00e7\u00e3o focada nos resultados, desde 1990, quando a empresa foi fundada. Nossa busca est\u00e1 baseada na supera\u00e7\u00e3o de resultados e na alta performance das regi\u00f5es onde atuamos, com o conceito e a premissa de sermos refer\u00eancia em todas as atividades que executamos.<\/p>\n<p>A <strong>ACP Bioenergia<\/strong> entrega a cana-de-a\u00e7\u00facar direto na esteira das usinas; atuamos com estrutura e m\u00e3o de obra pr\u00f3prias, executamos as opera\u00e7\u00f5es de plantio, cultivo, corte, carregamento e transporte, sendo refer\u00eancia em solu\u00e7\u00f5es para diferentes grupos e usinas, tendo como contrapartida parcerias duradouras e rent\u00e1veis. Temos s\u00f3lida presen\u00e7a nos estados de Goi\u00e1s, Mato Grosso do Sul, Minas Gerias e S\u00e3o Paulo.<\/p>\n<p>Para a produ\u00e7\u00e3o de gr\u00e3os temos atua\u00e7\u00e3o an\u00e1loga \u00e0 cana, com diferen\u00e7a de fornecimento de soja e milho efetuadas para as principais trading companies do Pa\u00eds e do mundo, tamb\u00e9m criando rela\u00e7\u00f5es de longo prazo, dado a qualidade de nossos gr\u00e3os e protagonismo na produ\u00e7\u00e3o no estado do Tocantins.<\/p>\n<p>Seguimos um padr\u00e3o moderno de administra\u00e7\u00e3o, que valoriza a inova\u00e7\u00e3o e a criatividade, acredita no potencial de cada indiv\u00edduo e incentiva o desenvolvimento das habilidades de nossos funcion\u00e1rios. Fazem parte de nossa estrutura, profissionais qualificados, com experi\u00eancia em diversos segmentos do agroneg\u00f3cio.<\/p>\n<p>A\u00a0<strong>ACP BIOENERGIA<\/strong>\u00a0promove o desenvolvimento de valores que se solidificam ao longo do tempo, formando uma cultura de respeito ao trabalho, \u00e0 empresa e \u00e0 atividade exercida. Atualmente, com um quadro de mais de 1.200 colaboradores. Temos orgulho do baix\u00edssimo \u00edndice de rotatividade nas equipes.<\/p>\n<p>As nossas metas s\u00e3o compat\u00edveis com o desenvolvimento sustent\u00e1vel da sociedade e com a preserva\u00e7\u00e3o dos recursos ambientais e culturais, respeitando as diversidades e colaborando com a redu\u00e7\u00e3o das desigualdades sociais das gera\u00e7\u00f5es presentes e futuras, al\u00e9m de foco em Governan\u00e7a com a profissionaliza\u00e7\u00e3o de um Conselho Consultivo, Comit\u00eas com assessoramento de profissionais externo e alta qualifica\u00e7\u00e3o para as \u00e1reas mais estrat\u00e9gicas de nossos neg\u00f3cios, al\u00e9m de premissas solidas em quest\u00f5es de processos e controles internos.<\/p>\n<p>Assim \u00e9 a\u00a0<strong>ACP\u00a0BIOENERGIA<\/strong>: orgulho do que faz, orgulho de sua gente!<\/p>\n\t\t\t\t\t\t<\/div>\n\t\t\t\t<\/div>\n\t\t\t\t<\/div>\n\t\t\t\t\t<\/div>\n\t\t\t\t<\/div>\n\t\t<div class=\"elementor-element elementor-element-5462d93 e-flex e-con-boxed e-con\" data-id=\"5462d93\" data-element_type=\"container\" data-settings=\"{&quot;background_background&quot;:&quot;gradient&quot;,&quot;content_width&quot;:&quot;boxed&quot;}\">\n\t\t\t\t\t<div class=\"e-con-inner\">\n\t\t\t\t\t<\/div>\n\t\t\t\t<\/div>\n\t\t<div class=\"elementor-element elementor-element-334d8f3 e-flex e-con-boxed e-con\" data-id=\"334d8f3\" data-element_type=\"container\" data-settings=\"{&quot;content_width&quot;:&quot;boxed&quot;}\">\n\t\t\t\t\t<div class=\"e-con-inner\">\n\t\t\t\t<div class=\"elementor-element elementor-element-29681a4 elementor-widget elementor-widget-heading\" data-id=\"29681a4\" data-element_type=\"widget\" data-widget_type=\"heading.default\">\n\t\t\t\t<div class=\"elementor-widget-container\">\n\t\t\t<h1 class=\"elementor-heading-title elementor-size-default\">De onde viemos<\/h1>\t\t<\/div>\n\t\t\t\t<\/div>\n\t\t\t\t<div class=\"elementor-element elementor-element-aaa9116 elementor-widget-divider--view-line elementor-widget elementor-widget-divider\" data-id=\"aaa9116\" data-element_type=\"widget\" data-widget_type=\"divider.default\">\n\t\t\t\t<div class=\"elementor-widget-container\">\n\t\t\t<style>\/*! elementor - v3.14.0 - 26-06-2023 *\/\n.elementor-widget-divider{--divider-border-style:none;--divider-border-width:1px;--divider-color:#0c0d0e;--divider-icon-size:20px;--divider-element-spacing:10px;--divider-pattern-height:24px;--divider-pattern-size:20px;--divider-pattern-url:none;--divider-pattern-repeat:repeat-x}.elementor-widget-divider .elementor-divider{display:flex}.elementor-widget-divider .elementor-divider__text{font-size:15px;line-height:1;max-width:95%}.elementor-widget-divider .elementor-divider__element{margin:0 var(--divider-element-spacing);flex-shrink:0}.elementor-widget-divider .elementor-icon{font-size:var(--divider-icon-size)}.elementor-widget-divider .elementor-divider-separator{display:flex;margin:0;direction:ltr}.elementor-widget-divider--view-line_icon .elementor-divider-separator,.elementor-widget-divider--view-line_text .elementor-divider-separator{align-items:center}.elementor-widget-divider--view-line_icon .elementor-divider-separator:after,.elementor-widget-divider--view-line_icon .elementor-divider-separator:before,.elementor-widget-divider--view-line_text .elementor-divider-separator:after,.elementor-widget-divider--view-line_text .elementor-divider-separator:before{display:block;content:\"\";border-bottom:0;flex-grow:1;border-top:var(--divider-border-width) var(--divider-border-style) var(--divider-color)}.elementor-widget-divider--element-align-left .elementor-divider .elementor-divider-separator>.elementor-divider__svg:first-of-type{flex-grow:0;flex-shrink:100}.elementor-widget-divider--element-align-left .elementor-divider-separator:before{content:none}.elementor-widget-divider--element-align-left .elementor-divider__element{margin-left:0}.elementor-widget-divider--element-align-right .elementor-divider .elementor-divider-separator>.elementor-divider__svg:last-of-type{flex-grow:0;flex-shrink:100}.elementor-widget-divider--element-align-right .elementor-divider-separator:after{content:none}.elementor-widget-divider--element-align-right .elementor-divider__element{margin-right:0}.elementor-widget-divider:not(.elementor-widget-divider--view-line_text):not(.elementor-widget-divider--view-line_icon) .elementor-divider-separator{border-top:var(--divider-border-width) var(--divider-border-style) var(--divider-color)}.elementor-widget-divider--separator-type-pattern{--divider-border-style:none}.elementor-widget-divider--separator-type-pattern.elementor-widget-divider--view-line .elementor-divider-separator,.elementor-widget-divider--separator-type-pattern:not(.elementor-widget-divider--view-line) .elementor-divider-separator:after,.elementor-widget-divider--separator-type-pattern:not(.elementor-widget-divider--view-line) .elementor-divider-separator:before,.elementor-widget-divider--separator-type-pattern:not([class*=elementor-widget-divider--view]) .elementor-divider-separator{width:100%;min-height:var(--divider-pattern-height);-webkit-mask-size:var(--divider-pattern-size) 100%;mask-size:var(--divider-pattern-size) 100%;-webkit-mask-repeat:var(--divider-pattern-repeat);mask-repeat:var(--divider-pattern-repeat);background-color:var(--divider-color);-webkit-mask-image:var(--divider-pattern-url);mask-image:var(--divider-pattern-url)}.elementor-widget-divider--no-spacing{--divider-pattern-size:auto}.elementor-widget-divider--bg-round{--divider-pattern-repeat:round}.rtl .elementor-widget-divider .elementor-divider__text{direction:rtl}.e-con-inner>.elementor-widget-divider,.e-con>.elementor-widget-divider{width:var(--container-widget-width,100%);--flex-grow:var(--container-widget-flex-grow)}<\/style>\t\t<div class=\"elementor-divider\">\n\t\t\t<span class=\"elementor-divider-separator\">\n\t\t\t\t\t\t<\/span>\n\t\t<\/div>\n\t\t\t\t<\/div>\n\t\t\t\t<\/div>\n\t\t\t\t<div class=\"elementor-element elementor-element-7d4007f elementor-widget__width-inherit elementor-widget elementor-widget-image\" data-id=\"7d4007f\" data-element_type=\"widget\" data-widget_type=\"image.default\">\n\t\t\t\t<div class=\"elementor-widget-container\">\n\t\t\t<style>\/*! elementor - v3.14.0 - 26-06-2023 *\/\n.elementor-widget-image{text-align:center}.elementor-widget-image a{display:inline-block}.elementor-widget-image a img[src$=\".svg\"]{width:48px}.elementor-widget-image img{vertical-align:middle;display:inline-block}<\/style>\t\t\t\t\t\t\t\t\t\t\t\t\t<a href=\"https:\/\/dev.gsstudio.com.br\/acp\/wp-content\/uploads\/2024\/01\/de-onde-viemos-acp-bioenergia-v1.jpg\" data-elementor-open-lightbox=\"yes\" data-elementor-lightbox-title=\"de-onde-viemos-acp-bioenergia-v1\" data-e-action-hash=\"#elementor-action%3Aaction%3Dlightbox%26settings%3DeyJpZCI6IjE2NzkiLCJ1cmwiOiJodHRwczpcL1wvZGV2Lmdzc3R1ZGlvLmNvbS5iclwvYWNwXC93cC1jb250ZW50XC91cGxvYWRzXC8yMDI0XC8wMVwvZGUtb25kZS12aWVtb3MtYWNwLWJpb2VuZXJnaWEtdjEuanBnIn0%3D\">\n\t\t\t\t\t\t\t<img decoding=\"async\" loading=\"lazy\" width=\"1440\" height=\"617\" src=\"https:\/\/dev.gsstudio.com.br\/acp\/wp-content\/uploads\/2024\/01\/de-onde-viemos-acp-bioenergia-v1.jpg\" class=\"attachment-full size-full wp-image-1679\" alt=\"\" srcset=\"https:\/\/dev.gsstudio.com.br\/acp\/wp-content\/uploads\/2024\/01\/de-onde-viemos-acp-bioenergia-v1.jpg 1440w, https:\/\/dev.gsstudio.com.br\/acp\/wp-content\/uploads\/2024\/01\/de-onde-viemos-acp-bioenergia-v1-300x129.jpg 300w, https:\/\/dev.gsstudio.com.br\/acp\/wp-content\/uploads\/2024\/01\/de-onde-viemos-acp-bioenergia-v1-1024x439.jpg 1024w, https:\/\/dev.gsstudio.com.br\/acp\/wp-content\/uploads\/2024\/01\/de-onde-viemos-acp-bioenergia-v1-768x329.jpg 768w\" sizes=\"(max-width: 1440px) 100vw, 1440px\" \/>\t\t\t\t\t\t\t\t<\/a>\n\t\t\t\t\t\t\t\t\t\t\t\t\t\t\t<\/div>\n\t\t\t\t<\/div>\n\t\t\t\t\t<\/div>\n\t\t\t\t<\/div>\n\t\t<div class=\"elementor-element elementor-element-98002f0 e-flex e-con-boxed e-con\" data-id=\"98002f0\" data-element_type=\"container\" data-settings=\"{&quot;background_background&quot;:&quot;gradient&quot;,&quot;content_width&quot;:&quot;boxed&quot;}\">\n\t\t\t\t\t<div class=\"e-con-inner\">\n\t\t\t\t\t<\/div>\n\t\t\t\t<\/div>\n\t\t<div class=\"elementor-element elementor-element-e9d62e8 e-flex e-con-boxed e-con\" data-id=\"e9d62e8\" data-element_type=\"container\" data-settings=\"{&quot;content_width&quot;:&quot;boxed&quot;}\">\n\t\t\t\t\t<div class=\"e-con-inner\">\n\t\t\t\t<div class=\"elementor-element elementor-element-a904d75 elementor-widget elementor-widget-heading\" data-id=\"a904d75\" data-element_type=\"widget\" data-widget_type=\"heading.default\">\n\t\t\t\t<div class=\"elementor-widget-container\">\n\t\t\t<h1 class=\"elementor-heading-title elementor-size-default\">Para onde iremos<\/h1>\t\t<\/div>\n\t\t\t\t<\/div>\n\t\t\t\t<div class=\"elementor-element elementor-element-3a7166f elementor-widget-divider--view-line elementor-widget elementor-widget-divider\" data-id=\"3a7166f\" data-element_type=\"widget\" data-widget_type=\"divider.default\">\n\t\t\t\t<div class=\"elementor-widget-container\">\n\t\t\t\t\t<div class=\"elementor-divider\">\n\t\t\t<span class=\"elementor-divider-separator\">\n\t\t\t\t\t\t<\/span>\n\t\t<\/div>\n\t\t\t\t<\/div>\n\t\t\t\t<\/div>\n\t\t\t\t<div class=\"elementor-element elementor-element-1974671 elementor-widget__width-inherit elementor-widget elementor-widget-image\" data-id=\"1974671\" data-element_type=\"widget\" data-widget_type=\"image.default\">\n\t\t\t\t<div class=\"elementor-widget-container\">\n\t\t\t\t\t\t\t\t\t\t\t\t\t\t\t\t<a href=\"https:\/\/dev.gsstudio.com.br\/acp\/wp-content\/uploads\/2024\/01\/para-onde-iremos-acpbioenergia.jpg\" data-elementor-open-lightbox=\"yes\" data-elementor-lightbox-title=\"para-onde-iremos-acpbioenergia\" data-e-action-hash=\"#elementor-action%3Aaction%3Dlightbox%26settings%3DeyJpZCI6IjE2ODQiLCJ1cmwiOiJodHRwczpcL1wvZGV2Lmdzc3R1ZGlvLmNvbS5iclwvYWNwXC93cC1jb250ZW50XC91cGxvYWRzXC8yMDI0XC8wMVwvcGFyYS1vbmRlLWlyZW1vcy1hY3BiaW9lbmVyZ2lhLmpwZyJ9\">\n\t\t\t\t\t\t\t<img decoding=\"async\" loading=\"lazy\" width=\"1524\" height=\"684\" src=\"https:\/\/dev.gsstudio.com.br\/acp\/wp-content\/uploads\/2024\/01\/para-onde-iremos-acpbioenergia.jpg\" class=\"attachment-full size-full wp-image-1684\" alt=\"\" srcset=\"https:\/\/dev.gsstudio.com.br\/acp\/wp-content\/uploads\/2024\/01\/para-onde-iremos-acpbioenergia.jpg 1524w, https:\/\/dev.gsstudio.com.br\/acp\/wp-content\/uploads\/2024\/01\/para-onde-iremos-acpbioenergia-300x135.jpg 300w, https:\/\/dev.gsstudio.com.br\/acp\/wp-content\/uploads\/2024\/01\/para-onde-iremos-acpbioenergia-1024x460.jpg 1024w, https:\/\/dev.gsstudio.com.br\/acp\/wp-content\/uploads\/2024\/01\/para-onde-iremos-acpbioenergia-768x345.jpg 768w\" sizes=\"(max-width: 1524px) 100vw, 1524px\" \/>\t\t\t\t\t\t\t\t<\/a>\n\t\t\t\t\t\t\t\t\t\t\t\t\t\t\t<\/div>\n\t\t\t\t<\/div>\n\t\t\t\t\t<\/div>\n\t\t\t\t<\/div>\n\t\t<div class=\"elementor-element elementor-element-3af83e0 e-flex e-con-boxed e-con\" data-id=\"3af83e0\" data-element_type=\"container\" data-settings=\"{&quot;background_background&quot;:&quot;gradient&quot;,&quot;content_width&quot;:&quot;boxed&quot;}\">\n\t\t\t\t\t<div class=\"e-con-inner\">\n\t\t\t\t\t<\/div>\n\t\t\t\t<\/div>\n\t\t<div class=\"elementor-element elementor-element-7f3f737 e-flex e-con-boxed e-con\" data-id=\"7f3f737\" data-element_type=\"container\" data-settings=\"{&quot;content_width&quot;:&quot;boxed&quot;}\">\n\t\t\t\t\t<div class=\"e-con-inner\">\n\t\t\t\t<div class=\"elementor-element elementor-element-119c944 elementor-widget elementor-widget-heading\" data-id=\"119c944\" data-element_type=\"widget\" data-widget_type=\"heading.default\">\n\t\t\t\t<div class=\"elementor-widget-container\">\n\t\t\t<h1 class=\"elementor-heading-title elementor-size-default\">Conselho, Management e Comit\u00eas<\/h1>\t\t<\/div>\n\t\t\t\t<\/div>\n\t\t\t\t<div class=\"elementor-element elementor-element-3c1664a elementor-widget-divider--view-line elementor-widget elementor-widget-divider\" data-id=\"3c1664a\" data-element_type=\"widget\" data-widget_type=\"divider.default\">\n\t\t\t\t<div class=\"elementor-widget-container\">\n\t\t\t\t\t<div class=\"elementor-divider\">\n\t\t\t<span class=\"elementor-divider-separator\">\n\t\t\t\t\t\t<\/span>\n\t\t<\/div>\n\t\t\t\t<\/div>\n\t\t\t\t<\/div>\n\t\t\t\t<div class=\"elementor-element elementor-element-25f80a1 elementor-widget__width-inherit elementor-widget elementor-widget-image\" data-id=\"25f80a1\" data-element_type=\"widget\" data-widget_type=\"image.default\">\n\t\t\t\t<div class=\"elementor-widget-container\">\n\t\t\t\t\t\t\t\t\t\t\t\t\t\t\t\t<a href=\"https:\/\/dev.gsstudio.com.br\/acp\/wp-content\/uploads\/2024\/01\/acp-conselho.jpg\" data-elementor-open-lightbox=\"yes\" data-elementor-lightbox-title=\"acp-conselho\" data-e-action-hash=\"#elementor-action%3Aaction%3Dlightbox%26settings%3DeyJpZCI6IjE2ODMiLCJ1cmwiOiJodHRwczpcL1wvZGV2Lmdzc3R1ZGlvLmNvbS5iclwvYWNwXC93cC1jb250ZW50XC91cGxvYWRzXC8yMDI0XC8wMVwvYWNwLWNvbnNlbGhvLmpwZyJ9\">\n\t\t\t\t\t\t\t<img decoding=\"async\" loading=\"lazy\" width=\"1344\" height=\"1080\" src=\"https:\/\/dev.gsstudio.com.br\/acp\/wp-content\/uploads\/2024\/01\/acp-conselho.jpg\" class=\"attachment-full size-full wp-image-1683\" alt=\"\" srcset=\"https:\/\/dev.gsstudio.com.br\/acp\/wp-content\/uploads\/2024\/01\/acp-conselho.jpg 1344w, https:\/\/dev.gsstudio.com.br\/acp\/wp-content\/uploads\/2024\/01\/acp-conselho-300x241.jpg 300w, https:\/\/dev.gsstudio.com.br\/acp\/wp-content\/uploads\/2024\/01\/acp-conselho-1024x823.jpg 1024w, https:\/\/dev.gsstudio.com.br\/acp\/wp-content\/uploads\/2024\/01\/acp-conselho-768x617.jpg 768w\" sizes=\"(max-width: 1344px) 100vw, 1344px\" \/>\t\t\t\t\t\t\t\t<\/a>\n\t\t\t\t\t\t\t\t\t\t\t\t\t\t\t<\/div>\n\t\t\t\t<\/div>\n\t\t\t\t\t<\/div>\n\t\t\t\t<\/div>\n\t\t\t\t\t\t\t<\/div>\n\t\t","protected":false},"excerpt":{"rendered":"<p>De onde viemos Para onde iremos Conselho, Management e Comit\u00eas<\/p>\n","protected":false},"author":1,"featured_media":0,"parent":0,"menu_order":0,"comment_status":"closed","ping_status":"closed","template":"elementor_header_footer","meta":{"inline_featured_image":false,"footnotes":""},"yoast_head":"<!-- This site is optimized with the Yoast SEO plugin v20.13 - https:\/\/yoast.com\/wordpress\/plugins\/seo\/ -->\n<title>Empresa - ACP Bioenergia<\/title>\n<meta name=\"robots\" content=\"index, follow, max-snippet:-1, max-image-preview:large, max-video-preview:-1\" \/>\n<link rel=\"canonical\" href=\"https:\/\/dev.gsstudio.com.br\/acp\/empresa\/\" \/>\n<meta property=\"og:locale\" content=\"pt_BR\" \/>\n<meta property=\"og:type\" content=\"article\" \/>\n<meta property=\"og:title\" content=\"Empresa - ACP Bioenergia\" \/>\n<meta property=\"og:description\" content=\"De onde viemos Para onde iremos Conselho, Management e Comit\u00eas\" \/>\n<meta property=\"og:url\" content=\"https:\/\/dev.gsstudio.com.br\/acp\/empresa\/\" \/>\n<meta property=\"og:site_name\" content=\"ACP Bioenergia\" \/>\n<meta property=\"article:modified_time\" content=\"2024-01-25T13:09:49+00:00\" \/>\n<meta name=\"twitter:card\" content=\"summary_large_image\" \/>\n<meta name=\"twitter:label1\" content=\"Est. tempo de leitura\" \/>\n\t<meta name=\"twitter:data1\" content=\"3 minutos\" \/>\n<script type=\"application\/ld+json\" class=\"yoast-schema-graph\">{\"@context\":\"https:\/\/schema.org\",\"@graph\":[{\"@type\":\"WebPage\",\"@id\":\"https:\/\/dev.gsstudio.com.br\/acp\/empresa\/\",\"url\":\"https:\/\/dev.gsstudio.com.br\/acp\/empresa\/\",\"name\":\"Empresa - ACP Bioenergia\",\"isPartOf\":{\"@id\":\"https:\/\/dev.gsstudio.com.br\/acp\/#website\"},\"datePublished\":\"2023-07-06T19:01:48+00:00\",\"dateModified\":\"2024-01-25T13:09:49+00:00\",\"breadcrumb\":{\"@id\":\"https:\/\/dev.gsstudio.com.br\/acp\/empresa\/#breadcrumb\"},\"inLanguage\":\"pt-BR\",\"potentialAction\":[{\"@type\":\"ReadAction\",\"target\":[\"https:\/\/dev.gsstudio.com.br\/acp\/empresa\/\"]}]},{\"@type\":\"BreadcrumbList\",\"@id\":\"https:\/\/dev.gsstudio.com.br\/acp\/empresa\/#breadcrumb\",\"itemListElement\":[{\"@type\":\"ListItem\",\"position\":1,\"name\":\"In\u00edcio\",\"item\":\"https:\/\/dev.gsstudio.com.br\/acp\/\"},{\"@type\":\"ListItem\",\"position\":2,\"name\":\"Empresa\"}]},{\"@type\":\"WebSite\",\"@id\":\"https:\/\/dev.gsstudio.com.br\/acp\/#website\",\"url\":\"https:\/\/dev.gsstudio.com.br\/acp\/\",\"name\":\"ACP Bioenergia\",\"description\":\"\",\"publisher\":{\"@id\":\"https:\/\/dev.gsstudio.com.br\/acp\/#organization\"},\"potentialAction\":[{\"@type\":\"SearchAction\",\"target\":{\"@type\":\"EntryPoint\",\"urlTemplate\":\"https:\/\/dev.gsstudio.com.br\/acp\/?s={search_term_string}\"},\"query-input\":\"required name=search_term_string\"}],\"inLanguage\":\"pt-BR\"},{\"@type\":\"Organization\",\"@id\":\"https:\/\/dev.gsstudio.com.br\/acp\/#organization\",\"name\":\"ACP Bioenergia\",\"url\":\"https:\/\/dev.gsstudio.com.br\/acp\/\",\"logo\":{\"@type\":\"ImageObject\",\"inLanguage\":\"pt-BR\",\"@id\":\"https:\/\/dev.gsstudio.com.br\/acp\/#\/schema\/logo\/image\/\",\"url\":\"https:\/\/dev.gsstudio.com.br\/acp\/wp-content\/uploads\/2023\/05\/acp-logotipo.svg\",\"contentUrl\":\"https:\/\/dev.gsstudio.com.br\/acp\/wp-content\/uploads\/2023\/05\/acp-logotipo.svg\",\"width\":88,\"height\":46,\"caption\":\"ACP Bioenergia\"},\"image\":{\"@id\":\"https:\/\/dev.gsstudio.com.br\/acp\/#\/schema\/logo\/image\/\"}}]}<\/script>\n<!-- \/ Yoast SEO plugin. -->","yoast_head_json":{"title":"Empresa - ACP Bioenergia","robots":{"index":"index","follow":"follow","max-snippet":"max-snippet:-1","max-image-preview":"max-image-preview:large","max-video-preview":"max-video-preview:-1"},"canonical":"https:\/\/dev.gsstudio.com.br\/acp\/empresa\/","og_locale":"pt_BR","og_type":"article","og_title":"Empresa - ACP Bioenergia","og_description":"De onde viemos Para onde iremos Conselho, Management e Comit\u00eas","og_url":"https:\/\/dev.gsstudio.com.br\/acp\/empresa\/","og_site_name":"ACP Bioenergia","article_modified_time":"2024-01-25T13:09:49+00:00","twitter_card":"summary_large_image","twitter_misc":{"Est. tempo de leitura":"3 minutos"},"schema":{"@context":"https:\/\/schema.org","@graph":[{"@type":"WebPage","@id":"https:\/\/dev.gsstudio.com.br\/acp\/empresa\/","url":"https:\/\/dev.gsstudio.com.br\/acp\/empresa\/","name":"Empresa - ACP Bioenergia","isPartOf":{"@id":"https:\/\/dev.gsstudio.com.br\/acp\/#website"},"datePublished":"2023-07-06T19:01:48+00:00","dateModified":"2024-01-25T13:09:49+00:00","breadcrumb":{"@id":"https:\/\/dev.gsstudio.com.br\/acp\/empresa\/#breadcrumb"},"inLanguage":"pt-BR","potentialAction":[{"@type":"ReadAction","target":["https:\/\/dev.gsstudio.com.br\/acp\/empresa\/"]}]},{"@type":"BreadcrumbList","@id":"https:\/\/dev.gsstudio.com.br\/acp\/empresa\/#breadcrumb","itemListElement":[{"@type":"ListItem","position":1,"name":"In\u00edcio","item":"https:\/\/dev.gsstudio.com.br\/acp\/"},{"@type":"ListItem","position":2,"name":"Empresa"}]},{"@type":"WebSite","@id":"https:\/\/dev.gsstudio.com.br\/acp\/#website","url":"https:\/\/dev.gsstudio.com.br\/acp\/","name":"ACP Bioenergia","description":"","publisher":{"@id":"https:\/\/dev.gsstudio.com.br\/acp\/#organization"},"potentialAction":[{"@type":"SearchAction","target":{"@type":"EntryPoint","urlTemplate":"https:\/\/dev.gsstudio.com.br\/acp\/?s={search_term_string}"},"query-input":"required name=search_term_string"}],"inLanguage":"pt-BR"},{"@type":"Organization","@id":"https:\/\/dev.gsstudio.com.br\/acp\/#organization","name":"ACP Bioenergia","url":"https:\/\/dev.gsstudio.com.br\/acp\/","logo":{"@type":"ImageObject","inLanguage":"pt-BR","@id":"https:\/\/dev.gsstudio.com.br\/acp\/#\/schema\/logo\/image\/","url":"https:\/\/dev.gsstudio.com.br\/acp\/wp-content\/uploads\/2023\/05\/acp-logotipo.svg","contentUrl":"https:\/\/dev.gsstudio.com.br\/acp\/wp-content\/uploads\/2023\/05\/acp-logotipo.svg","width":88,"height":46,"caption":"ACP Bioenergia"},"image":{"@id":"https:\/\/dev.gsstudio.com.br\/acp\/#\/schema\/logo\/image\/"}}]}},"_links":{"self":[{"href":"https:\/\/dev.gsstudio.com.br\/acp\/wp-json\/wp\/v2\/pages\/547"}],"collection":[{"href":"https:\/\/dev.gsstudio.com.br\/acp\/wp-json\/wp\/v2\/pages"}],"about":[{"href":"https:\/\/dev.gsstudio.com.br\/acp\/wp-json\/wp\/v2\/types\/page"}],"author":[{"embeddable":true,"href":"https:\/\/dev.gsstudio.com.br\/acp\/wp-json\/wp\/v2\/users\/1"}],"replies":[{"embeddable":true,"href":"https:\/\/dev.gsstudio.com.br\/acp\/wp-json\/wp\/v2\/comments?post=547"}],"version-history":[{"count":100,"href":"https:\/\/dev.gsstudio.com.br\/acp\/wp-json\/wp\/v2\/pages\/547\/revisions"}],"predecessor-version":[{"id":1682,"href":"https:\/\/dev.gsstudio.com.br\/acp\/wp-json\/wp\/v2\/pages\/547\/revisions\/1682"}],"wp:attachment":[{"href":"https:\/\/dev.gsstudio.com.br\/acp\/wp-json\/wp\/v2\/media?parent=547"}],"curies":[{"name":"wp","href":"https:\/\/api.w.org\/{rel}","templated":true}]}}