{"id":659,"date":"2023-07-06T17:58:44","date_gmt":"2023-07-06T20:58:44","guid":{"rendered":"https:\/\/dev.gsstudio.com.br\/acp\/?page_id=659"},"modified":"2024-01-30T10:14:38","modified_gmt":"2024-01-30T13:14:38","slug":"ri","status":"publish","type":"page","link":"https:\/\/dev.gsstudio.com.br\/acp\/ri\/","title":{"rendered":"Rela\u00e7\u00f5es com Investidores"},"content":{"rendered":"\t\t<div data-elementor-type=\"wp-page\" data-elementor-id=\"659\" class=\"elementor elementor-659\">\n\t\t\t\t\t\t\t<div class=\"elementor-element elementor-element-93efd29 e-flex e-con-boxed e-con\" data-id=\"93efd29\" data-element_type=\"container\" data-settings=\"{&quot;background_background&quot;:&quot;classic&quot;,&quot;content_width&quot;:&quot;boxed&quot;}\">\n\t\t\t\t\t<div class=\"e-con-inner\">\n\t\t\t\t<div class=\"elementor-element elementor-element-4f97813 elementor-widget elementor-widget-heading\" data-id=\"4f97813\" data-element_type=\"widget\" data-widget_type=\"heading.default\">\n\t\t\t\t<div class=\"elementor-widget-container\">\n\t\t\t<style>\/*! elementor - v3.14.0 - 26-06-2023 *\/\n.elementor-heading-title{padding:0;margin:0;line-height:1}.elementor-widget-heading .elementor-heading-title[class*=elementor-size-]>a{color:inherit;font-size:inherit;line-height:inherit}.elementor-widget-heading .elementor-heading-title.elementor-size-small{font-size:15px}.elementor-widget-heading .elementor-heading-title.elementor-size-medium{font-size:19px}.elementor-widget-heading .elementor-heading-title.elementor-size-large{font-size:29px}.elementor-widget-heading .elementor-heading-title.elementor-size-xl{font-size:39px}.elementor-widget-heading .elementor-heading-title.elementor-size-xxl{font-size:59px}<\/style><h1 class=\"elementor-heading-title elementor-size-default\">Rela\u00e7\u00f5es com Investidores<\/h1>\t\t<\/div>\n\t\t\t\t<\/div>\n\t\t\t\t<div class=\"elementor-element elementor-element-fa5b284 elementor-widget elementor-widget-breadcrumbs\" data-id=\"fa5b284\" data-element_type=\"widget\" data-widget_type=\"breadcrumbs.default\">\n\t\t\t\t<div class=\"elementor-widget-container\">\n\t\t\t<link rel=\"stylesheet\" href=\"https:\/\/dev.gsstudio.com.br\/acp\/wp-content\/plugins\/elementor-pro\/assets\/css\/widget-theme-elements.min.css\"><p id=\"breadcrumbs\"><span><span><a href=\"https:\/\/dev.gsstudio.com.br\/acp\/\">In\u00edcio<\/a><\/span><\/span><\/p>\t\t<\/div>\n\t\t\t\t<\/div>\n\t\t\t\t\t<\/div>\n\t\t\t\t<\/div>\n\t\t<div class=\"elementor-element elementor-element-deec098 jedv-enabled--yes e-flex e-con-boxed e-con\" data-id=\"deec098\" data-element_type=\"container\" data-settings=\"{&quot;content_width&quot;:&quot;boxed&quot;}\">\n\t\t\t\t\t<div class=\"e-con-inner\">\n\t\t\t\t<div class=\"elementor-element elementor-element-b1067bd elementor-widget elementor-widget-heading\" data-id=\"b1067bd\" data-element_type=\"widget\" data-widget_type=\"heading.default\">\n\t\t\t\t<div class=\"elementor-widget-container\">\n\t\t\t<h3 class=\"elementor-heading-title elementor-size-default\">Voc\u00ea precisa estar logado para acessar o conte\u00fado dessa p\u00e1gina.<\/h3>\t\t<\/div>\n\t\t\t\t<\/div>\n\t\t\t\t<div class=\"elementor-element elementor-element-f6a154b elementor-button-align-start elementor-widget__width-initial elementor-widget elementor-widget-login\" data-id=\"f6a154b\" data-element_type=\"widget\" data-widget_type=\"login.default\">\n\t\t\t\t<div class=\"elementor-widget-container\">\n\t\t\t<style>\/*! elementor-pro - v3.13.2 - 22-05-2023 *\/\n.elementor-button.elementor-hidden,.elementor-hidden{display:none}.e-form__step{width:100%}.e-form__step:not(.elementor-hidden){display:flex;flex-wrap:wrap}.e-form__buttons{flex-wrap:wrap}.e-form__buttons,.e-form__buttons__wrapper{display:flex}.e-form__indicators{display:flex;justify-content:space-between;align-items:center;flex-wrap:nowrap;font-size:13px;margin-bottom:var(--e-form-steps-indicators-spacing)}.e-form__indicators__indicator{display:flex;flex-direction:column;align-items:center;justify-content:center;flex-basis:0;padding:0 var(--e-form-steps-divider-gap)}.e-form__indicators__indicator__progress{width:100%;position:relative;background-color:var(--e-form-steps-indicator-progress-background-color);border-radius:var(--e-form-steps-indicator-progress-border-radius);overflow:hidden}.e-form__indicators__indicator__progress__meter{width:var(--e-form-steps-indicator-progress-meter-width,0);height:var(--e-form-steps-indicator-progress-height);line-height:var(--e-form-steps-indicator-progress-height);padding-right:15px;border-radius:var(--e-form-steps-indicator-progress-border-radius);background-color:var(--e-form-steps-indicator-progress-color);color:var(--e-form-steps-indicator-progress-meter-color);text-align:right;transition:width .1s linear}.e-form__indicators__indicator:first-child{padding-left:0}.e-form__indicators__indicator:last-child{padding-right:0}.e-form__indicators__indicator--state-inactive{color:var(--e-form-steps-indicator-inactive-primary-color,#c2cbd2)}.e-form__indicators__indicator--state-inactive [class*=indicator--shape-]:not(.e-form__indicators__indicator--shape-none){background-color:var(--e-form-steps-indicator-inactive-secondary-color,#fff)}.e-form__indicators__indicator--state-inactive object,.e-form__indicators__indicator--state-inactive svg{fill:var(--e-form-steps-indicator-inactive-primary-color,#c2cbd2)}.e-form__indicators__indicator--state-active{color:var(--e-form-steps-indicator-active-primary-color,#39b54a);border-color:var(--e-form-steps-indicator-active-secondary-color,#fff)}.e-form__indicators__indicator--state-active [class*=indicator--shape-]:not(.e-form__indicators__indicator--shape-none){background-color:var(--e-form-steps-indicator-active-secondary-color,#fff)}.e-form__indicators__indicator--state-active object,.e-form__indicators__indicator--state-active svg{fill:var(--e-form-steps-indicator-active-primary-color,#39b54a)}.e-form__indicators__indicator--state-completed{color:var(--e-form-steps-indicator-completed-secondary-color,#fff)}.e-form__indicators__indicator--state-completed [class*=indicator--shape-]:not(.e-form__indicators__indicator--shape-none){background-color:var(--e-form-steps-indicator-completed-primary-color,#39b54a)}.e-form__indicators__indicator--state-completed .e-form__indicators__indicator__label{color:var(--e-form-steps-indicator-completed-primary-color,#39b54a)}.e-form__indicators__indicator--state-completed .e-form__indicators__indicator--shape-none{color:var(--e-form-steps-indicator-completed-primary-color,#39b54a);background-color:initial}.e-form__indicators__indicator--state-completed object,.e-form__indicators__indicator--state-completed svg{fill:var(--e-form-steps-indicator-completed-secondary-color,#fff)}.e-form__indicators__indicator__icon{width:var(--e-form-steps-indicator-padding,30px);height:var(--e-form-steps-indicator-padding,30px);font-size:var(--e-form-steps-indicator-icon-size);border-width:1px;border-style:solid;display:flex;justify-content:center;align-items:center;overflow:hidden;margin-bottom:10px}.e-form__indicators__indicator__icon img,.e-form__indicators__indicator__icon object,.e-form__indicators__indicator__icon svg{width:var(--e-form-steps-indicator-icon-size);height:auto}.e-form__indicators__indicator__icon .e-font-icon-svg{height:1em}.e-form__indicators__indicator__number{width:var(--e-form-steps-indicator-padding,30px);height:var(--e-form-steps-indicator-padding,30px);border-width:1px;border-style:solid;display:flex;justify-content:center;align-items:center;margin-bottom:10px}.e-form__indicators__indicator--shape-circle{border-radius:50%}.e-form__indicators__indicator--shape-square{border-radius:0}.e-form__indicators__indicator--shape-rounded{border-radius:5px}.e-form__indicators__indicator--shape-none{border:0}.e-form__indicators__indicator__label{text-align:center}.e-form__indicators__indicator__separator{width:100%;height:var(--e-form-steps-divider-width);background-color:#babfc5}.e-form__indicators--type-icon,.e-form__indicators--type-icon_text,.e-form__indicators--type-number,.e-form__indicators--type-number_text{align-items:flex-start}.e-form__indicators--type-icon .e-form__indicators__indicator__separator,.e-form__indicators--type-icon_text .e-form__indicators__indicator__separator,.e-form__indicators--type-number .e-form__indicators__indicator__separator,.e-form__indicators--type-number_text .e-form__indicators__indicator__separator{margin-top:calc(var(--e-form-steps-indicator-padding, 30px) \/ 2 - var(--e-form-steps-divider-width, 1px) \/ 2)}.elementor-field-type-hidden{display:none}.elementor-field-type-html{display:inline-block}.elementor-login .elementor-lost-password,.elementor-login .elementor-remember-me{font-size:.85em}.elementor-field-type-recaptcha_v3 .elementor-field-label{display:none}.elementor-field-type-recaptcha_v3 .grecaptcha-badge{z-index:1}.elementor-button .elementor-form-spinner{order:3}.elementor-form .elementor-button>span{display:flex;justify-content:center;align-items:center}.elementor-form .elementor-button .elementor-button-text{white-space:normal;flex-grow:0}.elementor-form .elementor-button svg{height:auto}.elementor-form .elementor-button .e-font-icon-svg{height:1em}.elementor-select-wrapper .select-caret-down-wrapper{position:absolute;top:50%;transform:translateY(-50%);inset-inline-end:10px;pointer-events:none;font-size:11px}.elementor-select-wrapper .select-caret-down-wrapper svg{display:unset;width:1em;aspect-ratio:unset;fill:currentColor}.elementor-select-wrapper .select-caret-down-wrapper i{font-size:19px;line-height:2}.elementor-select-wrapper.remove-before:before{content:\"\"!important}<\/style>\t\t<form class=\"elementor-login elementor-form\" method=\"post\" action=\"https:\/\/dev.gsstudio.com.br\/acp\/gsadmin\/\">\n\t\t\t<input type=\"hidden\" name=\"redirect_to\" value=\"https:\/\/dev.gsstudio.com.br\/acp\/ri\/\">\n\t\t\t<div class=\"elementor-form-fields-wrapper\">\n\t\t\t\t<div class=\"elementor-field-type-text elementor-field-group elementor-column elementor-col-100 elementor-field-required\">\n\t\t\t\t\t<label for=\"user\">Usu\u00e1rio ou e-mail<\/label>\t\t\t\t\t<input size=\"1\" type=\"text\" name=\"log\" id=\"user\" placeholder=\"\" class=\"elementor-field elementor-field-textual elementor-size-sm\">\n\t\t\t\t<\/div>\n\t\t\t\t<div class=\"elementor-field-type-text elementor-field-group elementor-column elementor-col-100 elementor-field-required\">\n\t\t\t\t\t<label for=\"password\">Senha<\/label>\t\t\t\t\t<input size=\"1\" type=\"password\" name=\"pwd\" id=\"password\" placeholder=\"\" class=\"elementor-field elementor-field-textual elementor-size-sm\">\n\t\t\t\t<\/div>\n\n\t\t\t\t\n\t\t\t\t<div class=\"elementor-field-group elementor-column elementor-field-type-submit elementor-col-100\">\n\t\t\t\t\t<button type=\"submit\" class=\"elementor-size-sm elementor-button\" name=\"wp-submit\">\n\t\t\t\t\t\t\t\t\t\t\t\t\t\t\t<span class=\"elementor-button-text\">Entrar<\/span>\n\t\t\t\t\t\t\t\t\t\t\t\t<\/button>\n\t\t\t\t<\/div>\n\n\t\t\t\t\t\t\t<\/div>\n\t\t<\/form>\n\t\t\t\t<\/div>\n\t\t\t\t<\/div>\n\t\t\t\t<div class=\"elementor-element elementor-element-e9aad37 elementor-widget elementor-widget-heading\" data-id=\"e9aad37\" data-element_type=\"widget\" data-widget_type=\"heading.default\">\n\t\t\t\t<div class=\"elementor-widget-container\">\n\t\t\t<p class=\"elementor-heading-title elementor-size-default\"><a href=\"mailto:ri@acpbioenergia.com.br\">ri@acpbioenergia.com.br<\/a><\/p>\t\t<\/div>\n\t\t\t\t<\/div>\n\t\t\t\t\t<\/div>\n\t\t\t\t<\/div>\n\t\t<div class=\"elementor-element elementor-element-bdf1230 e-flex e-con-boxed e-con\" data-id=\"bdf1230\" data-element_type=\"container\" data-settings=\"{&quot;content_width&quot;:&quot;boxed&quot;}\">\n\t\t\t\t\t<div class=\"e-con-inner\">\n\t\t\t\t<div class=\"elementor-element elementor-element-08b2e7b elementor-widget elementor-widget-spacer\" data-id=\"08b2e7b\" data-element_type=\"widget\" data-widget_type=\"spacer.default\">\n\t\t\t\t<div class=\"elementor-widget-container\">\n\t\t\t<style>\/*! elementor - v3.14.0 - 26-06-2023 *\/\n.elementor-column .elementor-spacer-inner{height:var(--spacer-size)}.e-con{--container-widget-width:100%}.e-con-inner>.elementor-widget-spacer,.e-con>.elementor-widget-spacer{width:var(--container-widget-width,var(--spacer-size));--align-self:var(--container-widget-align-self,initial);--flex-shrink:0}.e-con-inner>.elementor-widget-spacer>.elementor-widget-container,.e-con-inner>.elementor-widget-spacer>.elementor-widget-container>.elementor-spacer,.e-con>.elementor-widget-spacer>.elementor-widget-container,.e-con>.elementor-widget-spacer>.elementor-widget-container>.elementor-spacer{height:100%}.e-con-inner>.elementor-widget-spacer>.elementor-widget-container>.elementor-spacer>.elementor-spacer-inner,.e-con>.elementor-widget-spacer>.elementor-widget-container>.elementor-spacer>.elementor-spacer-inner{height:var(--container-widget-height,var(--spacer-size))}<\/style>\t\t<div class=\"elementor-spacer\">\n\t\t\t<div class=\"elementor-spacer-inner\"><\/div>\n\t\t<\/div>\n\t\t\t\t<\/div>\n\t\t\t\t<\/div>\n\t\t\t\t\t<\/div>\n\t\t\t\t<\/div>\n\t\t\t\t\t\t\t<\/div>\n\t\t","protected":false},"excerpt":{"rendered":"<p>Voc\u00ea precisa estar logado para acessar o conte\u00fado dessa p\u00e1gina. ri@acpbioenergia.com.br APRESENTA\u00c7\u00d5ES Download Download Demonstra\u00e7\u00f5es Financeiras Auditadas Download Download Download Balancetes Download Download Download fatos relevantes Download Download Download<\/p>\n","protected":false},"author":1,"featured_media":0,"parent":0,"menu_order":0,"comment_status":"closed","ping_status":"closed","template":"elementor_header_footer","meta":{"inline_featured_image":false,"footnotes":""},"yoast_head":"<!-- This site is optimized with the Yoast SEO plugin v20.13 - https:\/\/yoast.com\/wordpress\/plugins\/seo\/ -->\n<title>Rela\u00e7\u00f5es com Investidores - ACP Bioenergia<\/title>\n<meta name=\"robots\" content=\"index, follow, max-snippet:-1, max-image-preview:large, max-video-preview:-1\" \/>\n<link rel=\"canonical\" href=\"https:\/\/dev.gsstudio.com.br\/acp\/ri\/\" \/>\n<meta property=\"og:locale\" content=\"pt_BR\" \/>\n<meta property=\"og:type\" content=\"article\" \/>\n<meta property=\"og:title\" content=\"Rela\u00e7\u00f5es com Investidores - ACP Bioenergia\" \/>\n<meta property=\"og:description\" content=\"Voc\u00ea precisa estar logado para acessar o conte\u00fado dessa p\u00e1gina. ri@acpbioenergia.com.br APRESENTA\u00c7\u00d5ES Download Download Demonstra\u00e7\u00f5es Financeiras Auditadas Download Download Download Balancetes Download Download Download fatos relevantes Download Download Download\" \/>\n<meta property=\"og:url\" content=\"https:\/\/dev.gsstudio.com.br\/acp\/ri\/\" \/>\n<meta property=\"og:site_name\" content=\"ACP Bioenergia\" \/>\n<meta property=\"article:modified_time\" content=\"2024-01-30T13:14:38+00:00\" \/>\n<meta name=\"twitter:card\" content=\"summary_large_image\" \/>\n<meta name=\"twitter:label1\" content=\"Est. tempo de leitura\" \/>\n\t<meta name=\"twitter:data1\" content=\"5 minutos\" \/>\n<script type=\"application\/ld+json\" class=\"yoast-schema-graph\">{\"@context\":\"https:\/\/schema.org\",\"@graph\":[{\"@type\":\"WebPage\",\"@id\":\"https:\/\/dev.gsstudio.com.br\/acp\/ri\/\",\"url\":\"https:\/\/dev.gsstudio.com.br\/acp\/ri\/\",\"name\":\"Rela\u00e7\u00f5es com Investidores - ACP Bioenergia\",\"isPartOf\":{\"@id\":\"https:\/\/dev.gsstudio.com.br\/acp\/#website\"},\"datePublished\":\"2023-07-06T20:58:44+00:00\",\"dateModified\":\"2024-01-30T13:14:38+00:00\",\"breadcrumb\":{\"@id\":\"https:\/\/dev.gsstudio.com.br\/acp\/ri\/#breadcrumb\"},\"inLanguage\":\"pt-BR\",\"potentialAction\":[{\"@type\":\"ReadAction\",\"target\":[\"https:\/\/dev.gsstudio.com.br\/acp\/ri\/\"]}]},{\"@type\":\"BreadcrumbList\",\"@id\":\"https:\/\/dev.gsstudio.com.br\/acp\/ri\/#breadcrumb\",\"itemListElement\":[{\"@type\":\"ListItem\",\"position\":1,\"name\":\"In\u00edcio\",\"item\":\"https:\/\/dev.gsstudio.com.br\/acp\/\"},{\"@type\":\"ListItem\",\"position\":2,\"name\":\"Rela\u00e7\u00f5es com Investidores\"}]},{\"@type\":\"WebSite\",\"@id\":\"https:\/\/dev.gsstudio.com.br\/acp\/#website\",\"url\":\"https:\/\/dev.gsstudio.com.br\/acp\/\",\"name\":\"ACP Bioenergia\",\"description\":\"\",\"publisher\":{\"@id\":\"https:\/\/dev.gsstudio.com.br\/acp\/#organization\"},\"potentialAction\":[{\"@type\":\"SearchAction\",\"target\":{\"@type\":\"EntryPoint\",\"urlTemplate\":\"https:\/\/dev.gsstudio.com.br\/acp\/?s={search_term_string}\"},\"query-input\":\"required name=search_term_string\"}],\"inLanguage\":\"pt-BR\"},{\"@type\":\"Organization\",\"@id\":\"https:\/\/dev.gsstudio.com.br\/acp\/#organization\",\"name\":\"ACP Bioenergia\",\"url\":\"https:\/\/dev.gsstudio.com.br\/acp\/\",\"logo\":{\"@type\":\"ImageObject\",\"inLanguage\":\"pt-BR\",\"@id\":\"https:\/\/dev.gsstudio.com.br\/acp\/#\/schema\/logo\/image\/\",\"url\":\"https:\/\/dev.gsstudio.com.br\/acp\/wp-content\/uploads\/2023\/05\/acp-logotipo.svg\",\"contentUrl\":\"https:\/\/dev.gsstudio.com.br\/acp\/wp-content\/uploads\/2023\/05\/acp-logotipo.svg\",\"width\":88,\"height\":46,\"caption\":\"ACP Bioenergia\"},\"image\":{\"@id\":\"https:\/\/dev.gsstudio.com.br\/acp\/#\/schema\/logo\/image\/\"}}]}<\/script>\n<!-- \/ Yoast SEO plugin. -->","yoast_head_json":{"title":"Rela\u00e7\u00f5es com Investidores - ACP Bioenergia","robots":{"index":"index","follow":"follow","max-snippet":"max-snippet:-1","max-image-preview":"max-image-preview:large","max-video-preview":"max-video-preview:-1"},"canonical":"https:\/\/dev.gsstudio.com.br\/acp\/ri\/","og_locale":"pt_BR","og_type":"article","og_title":"Rela\u00e7\u00f5es com Investidores - ACP Bioenergia","og_description":"Voc\u00ea precisa estar logado para acessar o conte\u00fado dessa p\u00e1gina. ri@acpbioenergia.com.br APRESENTA\u00c7\u00d5ES Download Download Demonstra\u00e7\u00f5es Financeiras Auditadas Download Download Download Balancetes Download Download Download fatos relevantes Download Download Download","og_url":"https:\/\/dev.gsstudio.com.br\/acp\/ri\/","og_site_name":"ACP Bioenergia","article_modified_time":"2024-01-30T13:14:38+00:00","twitter_card":"summary_large_image","twitter_misc":{"Est. tempo de leitura":"5 minutos"},"schema":{"@context":"https:\/\/schema.org","@graph":[{"@type":"WebPage","@id":"https:\/\/dev.gsstudio.com.br\/acp\/ri\/","url":"https:\/\/dev.gsstudio.com.br\/acp\/ri\/","name":"Rela\u00e7\u00f5es com Investidores - ACP Bioenergia","isPartOf":{"@id":"https:\/\/dev.gsstudio.com.br\/acp\/#website"},"datePublished":"2023-07-06T20:58:44+00:00","dateModified":"2024-01-30T13:14:38+00:00","breadcrumb":{"@id":"https:\/\/dev.gsstudio.com.br\/acp\/ri\/#breadcrumb"},"inLanguage":"pt-BR","potentialAction":[{"@type":"ReadAction","target":["https:\/\/dev.gsstudio.com.br\/acp\/ri\/"]}]},{"@type":"BreadcrumbList","@id":"https:\/\/dev.gsstudio.com.br\/acp\/ri\/#breadcrumb","itemListElement":[{"@type":"ListItem","position":1,"name":"In\u00edcio","item":"https:\/\/dev.gsstudio.com.br\/acp\/"},{"@type":"ListItem","position":2,"name":"Rela\u00e7\u00f5es com Investidores"}]},{"@type":"WebSite","@id":"https:\/\/dev.gsstudio.com.br\/acp\/#website","url":"https:\/\/dev.gsstudio.com.br\/acp\/","name":"ACP Bioenergia","description":"","publisher":{"@id":"https:\/\/dev.gsstudio.com.br\/acp\/#organization"},"potentialAction":[{"@type":"SearchAction","target":{"@type":"EntryPoint","urlTemplate":"https:\/\/dev.gsstudio.com.br\/acp\/?s={search_term_string}"},"query-input":"required name=search_term_string"}],"inLanguage":"pt-BR"},{"@type":"Organization","@id":"https:\/\/dev.gsstudio.com.br\/acp\/#organization","name":"ACP Bioenergia","url":"https:\/\/dev.gsstudio.com.br\/acp\/","logo":{"@type":"ImageObject","inLanguage":"pt-BR","@id":"https:\/\/dev.gsstudio.com.br\/acp\/#\/schema\/logo\/image\/","url":"https:\/\/dev.gsstudio.com.br\/acp\/wp-content\/uploads\/2023\/05\/acp-logotipo.svg","contentUrl":"https:\/\/dev.gsstudio.com.br\/acp\/wp-content\/uploads\/2023\/05\/acp-logotipo.svg","width":88,"height":46,"caption":"ACP Bioenergia"},"image":{"@id":"https:\/\/dev.gsstudio.com.br\/acp\/#\/schema\/logo\/image\/"}}]}},"_links":{"self":[{"href":"https:\/\/dev.gsstudio.com.br\/acp\/wp-json\/wp\/v2\/pages\/659"}],"collection":[{"href":"https:\/\/dev.gsstudio.com.br\/acp\/wp-json\/wp\/v2\/pages"}],"about":[{"href":"https:\/\/dev.gsstudio.com.br\/acp\/wp-json\/wp\/v2\/types\/page"}],"author":[{"embeddable":true,"href":"https:\/\/dev.gsstudio.com.br\/acp\/wp-json\/wp\/v2\/users\/1"}],"replies":[{"embeddable":true,"href":"https:\/\/dev.gsstudio.com.br\/acp\/wp-json\/wp\/v2\/comments?post=659"}],"version-history":[{"count":145,"href":"https:\/\/dev.gsstudio.com.br\/acp\/wp-json\/wp\/v2\/pages\/659\/revisions"}],"predecessor-version":[{"id":1750,"href":"https:\/\/dev.gsstudio.com.br\/acp\/wp-json\/wp\/v2\/pages\/659\/revisions\/1750"}],"wp:attachment":[{"href":"https:\/\/dev.gsstudio.com.br\/acp\/wp-json\/wp\/v2\/media?parent=659"}],"curies":[{"name":"wp","href":"https:\/\/api.w.org\/{rel}","templated":true}]}}